{"id":406,"date":"2025-03-09T22:11:35","date_gmt":"2025-03-09T14:11:35","guid":{"rendered":"https:\/\/akkbio.com\/?post_type=product&#038;p=406"},"modified":"2026-04-13T22:10:44","modified_gmt":"2026-04-13T14:10:44","slug":"akmdownlipid-platium","status":"publish","type":"product","link":"https:\/\/akkbio.com\/de\/produkt\/akmdownlipid-platium\/","title":{"rendered":"AKMDownLipid\u2122 Serie AKK Pilzpr\u00e4parat Platinum (Fettverbrennung)"},"content":{"rendered":"<div data-elementor-type=\"wp-post\" data-elementor-id=\"406\" class=\"elementor elementor-406\" data-elementor-post-type=\"product\">\n\t\t\t\t<div class=\"wd-negative-gap elementor-element elementor-element-4428a1b7 e-flex e-con-boxed e-con e-parent\" data-id=\"4428a1b7\" data-element_type=\"container\" data-e-type=\"container\">\n\t\t\t\t\t<div class=\"e-con-inner\">\n\t\t\t\t<div class=\"elementor-element elementor-element-449e8ddc color-scheme-inherit text-left elementor-widget elementor-widget-text-editor\" data-id=\"449e8ddc\" data-element_type=\"widget\" data-e-type=\"widget\" data-widget_type=\"text-editor.default\">\n\t\t\t\t<div class=\"elementor-widget-container\">\n\t\t\t\t\t\t\t\t\t<p><strong><b>\u3010<\/b><\/strong><strong><b>Ingredients<\/b><\/strong><strong><b>\u3011<\/b><\/strong><\/p><p>Mukinophile Ackermanie (<em><i>Akkermansia <\/i><\/em><em><i>m<\/i><\/em><em><i>ucin<\/i><\/em><em><i>i<\/i><\/em><em><i>phila<\/i><\/em>\uff09<strong><span style=\"color: #ff0000;\">34 Milliarden TFU\/Kapsel.<\/span><\/strong><span style=\"color: #008000;\"><strong>6,0ng Amuc_1100 Protein pro Kapsel<\/strong><\/span>,Tee-Polyphenole, Natto-Pulver, Coenzym Q10, Dendrobium-Extrakt, Resveratrol, Oligofruktose, Siliziumdioxid, Magnesiumstearat<\/p><p><strong><b>\u00a0<\/b><\/strong><\/p><p><strong><b>\u3010<\/b><\/strong><strong><b>Unterst\u00fctzung der Gesundheit<\/b><\/strong><strong><b>\u3011<\/b><\/strong><\/p><ul><li>Unterst\u00fctzt einen gesunden Lipid- und Glukosestoffwechsel<\/li><li>Unterst\u00fctzung bei der Gewichtskontrolle<\/li><li>Hilft bei der Erhaltung einer gesunden Darmschleimhautbarriere<\/li><li>Hilft beim Aufbau einer gesunden Immunreaktion<\/li><\/ul><p><strong><b>\u00a0<\/b><\/strong><\/p><p><strong><b>\u3010<\/b><\/strong><strong><b>Bibliographie<\/b><\/strong><strong><b>\u3011<\/b><\/strong><strong><b>\u00a0Nature Medicine2019 (PMID:31501598)\uff0cGutMicrobes 2020(PMID:32924732)<\/b><\/strong><\/p><p><strong><b>\u00a0<\/b><\/strong><\/p><p><strong><b>\u3010<\/b><\/strong><strong><b>Anwendung und Dosierung<\/b><\/strong><strong><b>\u3011<\/b><\/strong><span style=\"font-size: 15px; text-align: var(--text-align); background-color: var(--wd-main-bgcolor); color: var(--wd-text-color);\">1 Kapsel einmal t\u00e4glich, am besten zu einer Mahlzeit, einnehmen.<\/span><\/p><p><strong><b>\u00a0<\/b><\/strong><\/p><p><strong><b>\u3010<\/b><\/strong><strong><b>caveat<\/b><\/strong><strong><b>\u3011<\/b><\/strong><\/p><p>1, befolgen Sie bitte die Anweisungen zu nehmen, sollte nicht \u00fcberdosiert werden; halten Sie sich an mehr als 3 Monate zu nehmen, ist die Wirkung mehr signifikant<\/p><p>2. Stellen Sie es nicht an einem Ort auf, an dem Kinder es erreichen k\u00f6nnen.<\/p><p>3. Gesundheitsprodukte sind kein Ersatz f\u00fcr Arzneimittel; sie sind kein Ersatz f\u00fcr eine ausgewogene und abwechslungsreiche Ern\u00e4hrung und eine gesunde Lebensweise<\/p><p>4. Sollte nicht gleichzeitig mit \u00e4hnlichen Nahrungserg\u00e4nzungsmitteln eingenommen werden<\/p><p>5. ein paar Leute haben eine leichte Magen-Darm-Reaktion, wie Bl\u00e4hungen, erh\u00f6hte Def\u00e4kation, Durst, ohne besondere Behandlung, weiterhin zu nehmen, kann wieder normal.<\/p><p>6. die Wirksamkeit der Inhaltsstoffe aus der ver\u00f6ffentlichten wissenschaftlichen Forschungsliteratur zitiert, k\u00f6nnen die individuellen Erfahrungen variieren<\/p><p><strong><b>\u00a0<\/b><\/strong><\/p><p><strong><b>[Besonderer Hinweis]<\/b><\/strong><\/p><p>Dieses Produkt wird \u00fcber grenz\u00fcberschreitende E-Commerce-Kan\u00e4le verkauft und entspricht den Lebensmittelsicherheitsstandards des Herkunftslandes (Deutschland), und es wird davon ausgegangen, dass die Verbraucher es f\u00fcr den pers\u00f6nlichen Gebrauch kaufen.<\/p><p><strong><b>\u00a0<\/b><\/strong><\/p><p><strong><b>\u3010<\/b><\/strong><strong><b>Produktvorteil<\/b><\/strong><strong><b>\u3011<\/b><\/strong><\/p><p>1. 34 Milliarden f\u00fcr hochdosierte Standards<em><i>\u00a0Akkermansia muciniphila <\/i><\/em>Probiotika (inaktiviert)<\/p><p>2, markiertes Protein Amuc_1100 hoher Proteingehalt<\/p><p class=\"translation-block\">3. 300 St\u00e4mme nat\u00fcrlicher <i>Akkermansia muciniphila-Bakterien <\/i>aus der weltbekannten kommerziellen Mikrobenbibliothek, die aufgrund ihrer \u00fcberlegenen Wirksamkeit und ihres Patentschutzes ausgew\u00e4hlt wurden.<\/p><p>4. speziell erforscht und formuliert, um die zellul\u00e4re Energieerfassung zu aktivieren, was dazu beitr\u00e4gt, die F\u00e4higkeit des Zucker- und Fettstoffwechsels zu verbessern.<\/p><p>5. deutscher Herkunft<\/p><p>6. Fabrikproduktion in pharmazeutischer Qualit\u00e4t, die den FDA-Standards entspricht.<\/p><p><strong><b>\u3010<\/b><\/strong><strong><b>Lagerungsbedingungen<\/b><\/strong><strong><b>\u3011<\/b><\/strong>Trockene Lagerung unter 25\u2103 vor Licht gesch\u00fctzt<\/p><p><strong><b>\u3010<\/b><\/strong><strong><b>Globale Vertriebspartner<\/b><\/strong><strong><b>\u3011<\/b><\/strong>AKK Biotechnology Limited<\/p><p><strong><b>\u3010<\/b><\/strong><strong><b>WebSite<\/b><\/strong><strong><b>\u3011<\/b><\/strong><a href=\"https:\/\/akkbio.com\/de\/\"><u>www.akkbio.com<\/u><\/a><\/p><p><strong><b>\u3010<\/b><\/strong><strong><b>Briefkasten f\u00fcr den Kundendienst<\/b><\/strong>\u3011akkbiosevice@gmail.com<\/p>\t\t\t\t\t\t\t\t<\/div>\n\t\t\t\t<\/div>\n\t\t\t\t\t<\/div>\n\t\t\t\t<\/div>\n\t\t<div class=\"wd-negative-gap elementor-element elementor-element-39a965a e-flex e-con-boxed e-con e-parent\" data-id=\"39a965a\" data-element_type=\"container\" data-e-type=\"container\">\n\t\t\t\t\t<div class=\"e-con-inner\">\n\t\t\t\t<div class=\"elementor-element elementor-element-295021b elementor-widget elementor-widget-wd_text_block\" data-id=\"295021b\" data-element_type=\"widget\" data-e-type=\"widget\" data-widget_type=\"wd_text_block.default\">\n\t\t\t\t<div class=\"elementor-widget-container\">\n\t\t\t\t\t\t\t<div class=\"wd-text-block reset-last-child text-left\">\n\t\t\t\n\t\t\t<h3>Q&amp;A:<\/h3><p style=\"margin-bottom: 8pt; line-height: 16.8667px; font-family: \u7b49\u7ebf; font-size: 11pt; color: #000000; font-style: normal; font-variant-ligatures: normal; font-variant-caps: normal; font-weight: 400; white-space-collapse: collapse;\"><b>F: Gibt es Unterschiede zwischen den AKK-St\u00e4mmen?<\/b><b><\/b><\/p><p style=\"margin-bottom: 8pt; line-height: 16.8667px; font-family: \u7b49\u7ebf; font-size: 11pt; color: #000000; font-style: normal; font-variant-ligatures: normal; font-variant-caps: normal; font-weight: 400; white-space-collapse: collapse;\"><b>A\uff1a<\/b><span style=\"font-family: \u7b49\u7ebf; font-size: 11pt;\">\u00a0<span style=\"font-family: \u7b49\u7ebf;\">Anwesenheit! Die verschiedenen Sorten unterscheiden sich sowohl in ihrer funktionellen Genetik als auch in ihrer Wirkung. Es ist wichtig, dass Sie die richtige Sorte f\u00fcr Ihren K\u00f6rpertyp und Ihre Bed\u00fcrfnisse w\u00e4hlen. Zum Beispiel, Ackerman's<\/span>Die AKM Lab-01\u00ae-St\u00e4mme wurden rigoros gescreent und validiert und sind besonders f\u00fcr die Bed\u00fcrfnisse des chinesischen Marktes geeignet.<\/span><\/p><p style=\"margin-bottom: 8pt; line-height: 16.8667px; font-family: \u7b49\u7ebf; font-size: 11pt; color: #000000; font-style: normal; font-variant-ligatures: normal; font-variant-caps: normal; font-weight: 400; white-space-collapse: collapse;\"><b>F: Was ist besser, inaktivierte Bakterien oder lebende Bakterien der AKK-Produkte?<\/b><b><\/b><\/p><p style=\"margin-bottom: 8pt; line-height: 16.8667px; font-family: \u7b49\u7ebf; font-size: 11pt; color: #000000; font-style: normal; font-variant-ligatures: normal; font-variant-caps: normal; font-weight: 400; white-space-collapse: collapse;\"><b>A\uff1a<\/b><span style=\"font-family: \u7b49\u7ebf; font-size: 11pt;\">\u00a0<span style=\"font-family: \u7b49\u7ebf;\">EU's<\/span>die EFSA stellt eindeutig fest, dass inaktivierte Bakterien sicherer sind und eine stabile Wirksamkeit aufweisen, w\u00e4hrend lebende Bakterien anf\u00e4llig f\u00fcr Inaktivierung sind und das Risiko einer Immunreaktion auf die Darmbesiedlung besteht. Daher sind inaktivierte Bakterien f\u00fcr die meisten Verbraucher die bessere Wahl.<\/span><\/p><p style=\"margin-bottom: 8pt; line-height: 16.8667px; font-family: \u7b49\u7ebf; font-size: 11pt; color: #000000; font-style: normal; font-variant-ligatures: normal; font-variant-caps: normal; font-weight: 400; white-space-collapse: collapse;\"><b>F: Wie lange dauert es, bis man Ergebnisse sieht?<\/b><b><\/b><\/p><p style=\"margin-bottom: 8pt; line-height: 16.8667px; font-family: \u7b49\u7ebf; font-size: 11pt; color: #000000; font-style: normal; font-variant-ligatures: normal; font-variant-caps: normal; font-weight: 400; white-space-collapse: collapse;\" class=\"translation-block\">A: In der Regel ist ein wissenschaftlicher Zyklus von 90 Tagen erforderlich. Laut R\u00fcckmeldungen von Anwendern zeigten 90 % der Anwender nach 90 Tagen der Einnahme des Produkts eine deutliche Verbesserung ihres Lipidprofils (es wird empfohlen, es mit einer vern\u00fcnftigen Ern\u00e4hrung und Sport zu kombinieren). Aus der Vorstudie und der Nachbeobachtung geht hervor, dass die Platinum-Version schneller wirkt; mehr als die H\u00e4lfte der Testanwender kann nach mehr als einem Monat deutliche Ergebnisse feststellen.<\/p><p style=\"margin-bottom: 8pt; line-height: 16.8667px; font-family: \u7b49\u7ebf; font-size: 11pt; color: #000000; font-style: normal; font-variant-ligatures: normal; font-variant-caps: normal; font-weight: 400; white-space-collapse: collapse;\"><b>F: Was ist die richtige Dosierung f\u00fcr die Wahl der AKK-Produkte?<\/b><b><\/b><\/p><p style=\"margin-bottom: 8pt; line-height: 16.8667px; font-family: \u7b49\u7ebf; font-size: 11pt; color: #000000; font-style: normal; font-variant-ligatures: normal; font-variant-caps: normal; font-weight: 400; white-space-collapse: collapse;\"><b>A\uff1a<\/b><span style=\"font-family: \u7b49\u7ebf; font-size: 11pt;\">\u00a0<span style=\"font-family: \u7b49\u7ebf;\">Derzeit,<\/span>Die Produkte von AKK Inaktivierte Bakterien sind lebensmittelrechtlich geregelt, was bedeutet, dass sie eine hohe Sicherheitsspanne aufweisen. Die EU-Norm liegt bei 34 Milliarden TFU pro Tag, und Studien haben gezeigt, dass die Einnahme von 50 Milliarden TFU pro Tag AKK-Bakterienpulver auf lange Sicht keine Nebenwirkungen hat. Daher sind 34 Milliarden TFU eine sichere und wirksame empfohlene Dosis.<\/span><\/p><p style=\"margin-bottom: 8pt; line-height: 16.8667px; font-family: \u7b49\u7ebf; font-size: 11pt; color: #000000; font-style: normal; font-variant-ligatures: normal; font-variant-caps: normal; font-weight: 400; white-space-collapse: collapse;\"><b>F: Inaktivierte AKK-Bakterienprodukte, warum ist die Amuc_1100-Proteinkonzentration wichtig?<\/b><b><\/b><\/p><p style=\"margin-bottom: 8pt; line-height: 16.8667px; font-family: \u7b49\u7ebf; font-size: 11pt; color: #000000; font-style: normal; font-variant-ligatures: normal; font-variant-caps: normal; font-weight: 400; white-space-collapse: collapse;\"><b>A\uff1a<\/b><span style=\"font-family: \u7b49\u7ebf; font-size: 11pt;\">\u00a0<span style=\"font-family: \u7b49\u7ebf;\">Als Probiotikum der zweiten Generation ist das,<\/span>AKK-Bakterien sind eine Art wirksames Probiotikum, dessen Mechanismus nach 20 Jahren Forschung sehr klar ist. Das Protein Amuc_1100 ist das wichtigste wirksame Protein der inaktivierten Bakterien, daher ist es sehr wichtig, seinen Inhalt zu kennzeichnen. Dies wird nicht nur den Verbrauchern helfen, die tats\u00e4chliche Wirkung des Produkts zu verstehen, sondern auch starke Daten zur Unterst\u00fctzung der wissenschaftlichen Forschung liefern.<\/span><\/p><p style=\"margin-bottom: 8pt; line-height: 16.8667px; font-family: \u7b49\u7ebf; font-size: 11pt; color: #000000; font-style: normal; font-variant-ligatures: normal; font-variant-caps: normal; font-weight: 400; white-space-collapse: collapse;\"><b>F: Sind AKK-Bakterien f\u00fcr jeden geeignet?<\/b><b><\/b><\/p><p style=\"margin-bottom: 8pt; line-height: 16.8667px; font-family: \u7b49\u7ebf; font-size: 11pt; color: #000000; font-style: normal; font-variant-ligatures: normal; font-variant-caps: normal; font-weight: 400; white-space-collapse: collapse;\"><b>A\uff1a<\/b><span style=\"font-family: \u7b49\u7ebf; font-size: 11pt;\">\u00a0AKK Bacteria Inactivated-Produkte gelten im Allgemeinen als sicher, aber f\u00fcr bestimmte Personengruppen (z. B. Personen mit geschw\u00e4chtem Immunsystem, schwangere oder stillende Frauen) sollte vor der Anwendung ein Arzt konsultiert werden. Dar\u00fcber hinaus kann es Unterschiede zwischen verschiedenen Ethnien geben, und es ist wichtig, das richtige Produkt f\u00fcr Ihren K\u00f6rpertyp zu w\u00e4hlen.<\/span><\/p><p style=\"margin-bottom: 8pt; line-height: 16.8667px; font-family: \u7b49\u7ebf; font-size: 11pt; color: #000000; font-style: normal; font-variant-ligatures: normal; font-variant-caps: normal; font-weight: 400; white-space-collapse: collapse;\"><b>F: Wie lagere ich AKK-Bakterienprodukte?<\/b><b><\/b><\/p><p style=\"margin-bottom: 8pt; line-height: 16.8667px; font-family: \u7b49\u7ebf; font-size: 11pt; color: #000000; font-style: normal; font-variant-ligatures: normal; font-variant-caps: normal; font-weight: 400; white-space-collapse: collapse;\"><b>A\uff1a<\/b><span style=\"font-family: \u7b49\u7ebf; font-size: 11pt;\">\u00a0<span style=\"font-family: \u7b49\u7ebf;\">Mehrheit<\/span>AKK Bacteria-Produkte m\u00fcssen an einem k\u00fchlen und trockenen Ort gelagert werden, wobei direkte Sonneneinstrahlung und hohe Temperaturen zu vermeiden sind. Bitte beachten Sie die Anweisungen auf der Produktverpackung f\u00fcr die spezifischen Lagerbedingungen.<\/span><\/p><p style=\"margin-bottom: 8pt; line-height: 16.8667px; font-family: \u7b49\u7ebf; font-size: 11pt; color: #000000; font-style: normal; font-variant-ligatures: normal; font-variant-caps: normal; font-weight: 400; white-space-collapse: collapse;\"><b>F: Gibt es irgendwelche Nebenwirkungen bei der Einnahme von AKK Bacteria Produkten?<\/b><b><\/b><\/p><p style=\"margin-bottom: 8pt; line-height: 16.8667px; font-family: \u7b49\u7ebf; font-size: 11pt; color: #000000; font-style: normal; font-variant-ligatures: normal; font-variant-caps: normal; font-weight: 400; white-space-collapse: collapse;\"><b>A\uff1a<\/b><span style=\"font-family: \u7b49\u7ebf; font-size: 11pt;\">\u00a0<span style=\"font-family: \u7b49\u7ebf;\">Aktuellen Forschungsergebnissen zufolge sind moderate Dosen von<\/span>Die Produkte von AKK Bacteria sind im Allgemeinen sicher, und es wird nur selten \u00fcber Nebenwirkungen berichtet. Allerdings reagiert jeder K\u00f6rper anders, und in seltenen F\u00e4llen k\u00f6nnen leichte Magen-Darm-Beschwerden wie Bl\u00e4hungen oder Durchfall auftreten; die meisten dieser k\u00f6rperlichen Empfindungen verschwinden nach einer Woche und es besteht keine Notwendigkeit, das Medikament abzusetzen.<\/span><\/p><p style=\"margin-bottom: 8pt; line-height: 16.8667px; font-family: \u7b49\u7ebf; font-size: 11pt; color: #000000; font-style: normal; font-variant-ligatures: normal; font-variant-caps: normal; font-weight: 400; white-space-collapse: collapse;\"><b>F: Kann ich AKK bacteria zusammen mit anderen Medikamenten einnehmen?<\/b><b><\/b><\/p><p style=\"margin-bottom: 8pt; line-height: 16.8667px; font-family: \u7b49\u7ebf; font-size: 11pt; color: #000000; font-style: normal; font-variant-ligatures: normal; font-variant-caps: normal; font-weight: 400; white-space-collapse: collapse;\"><b>A\uff1a<\/b><span style=\"font-family: \u7b49\u7ebf; font-size: 11pt;\">\u00a0<span style=\"font-family: \u7b49\u7ebf;\">Generell,<\/span>Die Produkte von AKK Inactivated Bacteria k\u00f6nnen mit den meisten anderen Medikamenten, einschlie\u00dflich Antibiotika, eingenommen werden. Um m\u00f6gliche Wechselwirkungen zu vermeiden, insbesondere wenn Sie Medikamente einnehmen, die sich auf Ihre Darmgesundheit auswirken, ist es am besten, wenn Sie zuerst Ihren Arzt konsultieren.<\/span><\/p><p style=\"margin-bottom: 8pt; line-height: 16.8667px; font-family: \u7b49\u7ebf; font-size: 11pt; color: #000000; font-style: normal; font-variant-ligatures: normal; font-variant-caps: normal; font-weight: 400; white-space-collapse: collapse;\"><b>F: Was ist, wenn ich die Einnahme eines Tages vergessen habe?<\/b><b><\/b><\/p><p style=\"margin-bottom: 8pt; line-height: 16.8667px; font-family: \u7b49\u7ebf; font-size: 11pt; color: #000000; font-style: normal; font-variant-ligatures: normal; font-variant-caps: normal; font-weight: 400; white-space-collapse: collapse;\"><b>A\uff1a<\/b><span style=\"font-family: \u7b49\u7ebf; font-size: 11pt;\">\u00a0<span style=\"font-family: \u7b49\u7ebf;\">Wenn Sie gelegentlich eine Tagesdosis auslassen, machen Sie sich keine Gedanken dar\u00fcber, sondern nehmen Sie die Dosis wie vorgesehen ein. Verdoppeln Sie Ihre Dosis nicht, um das Vers\u00e4umte nachzuholen.<\/span><\/span><\/p><p style=\"margin-bottom: 8pt; line-height: 16.8667px; font-family: \u7b49\u7ebf; font-size: 11pt; color: #000000; font-style: normal; font-variant-ligatures: normal; font-variant-caps: normal; font-weight: 400; white-space-collapse: collapse;\"><b>F: Wann ist der beste Zeitpunkt f\u00fcr die Einnahme von AKK Bacteria Produkten?<\/b><b><\/b><\/p><p style=\"margin-bottom: 8pt; line-height: 16.8667px; font-family: \u7b49\u7ebf; font-size: 11pt; color: #000000; font-style: normal; font-variant-ligatures: normal; font-variant-caps: normal; font-weight: 400; white-space-collapse: collapse;\"><b>A\uff1a<\/b><span style=\"font-family: \u7b49\u7ebf; font-size: 11pt;\">\u00a0<span style=\"font-family: \u7b49\u7ebf;\">Nehmen Sie es zu den Mahlzeiten ein, um die Aufnahme zu verbessern, oder auf n\u00fcchternen Magen. Spezifische Dosierung Zeit kann je nach pers\u00f6nlichen Gewohnheiten und Komfort entschieden werden.<\/span><\/span><\/p><p style=\"margin-bottom: 8pt; line-height: 16.8667px; font-family: \u7b49\u7ebf; font-size: 11pt; color: #000000; font-style: normal; font-variant-ligatures: normal; font-variant-caps: normal; font-weight: 400; white-space-collapse: collapse;\"><b>F: Wie lange muss ich die AKK-Pilzprodukte einnehmen, um Ergebnisse zu sehen?<\/b><b><\/b><\/p><p style=\"margin-bottom: 8pt; line-height: 16.8667px; font-family: \u7b49\u7ebf; font-size: 11pt; color: #000000; font-style: normal; font-variant-ligatures: normal; font-variant-caps: normal; font-weight: 400; white-space-collapse: collapse;\"><b>A\uff1a<\/b><span style=\"font-family: \u7b49\u7ebf; font-size: 11pt;\">\u00a0<span style=\"font-family: \u7b49\u7ebf;\">Die Zeit bis zur Wirkung variiert je nach individuellen Unterschieden und Gesundheitszustand. Der Vorstudie und der Nachuntersuchung zufolge setzt die Wirkung der Platin-Version schneller ein, wobei mehr als die H\u00e4lfte der Studienteilnehmer bereits nach etwa einem Monat sichtbare Ergebnisse sahen. Es wird allgemein empfohlen, mindestens<\/span>90 Tage mit gesunder Ern\u00e4hrung und moderater Bewegung, um die Ergebnisse besser beobachten zu k\u00f6nnen.<\/span><\/p><p style=\"margin-bottom: 8pt; line-height: 16.8667px; font-family: \u7b49\u7ebf; font-size: 11pt; color: #000000; font-style: normal; font-variant-ligatures: normal; font-variant-caps: normal; font-weight: 400; white-space-collapse: collapse;\"><b>F: Was ist, wenn ich gegen AKK-Bakterien allergisch bin?<\/b><b><\/b><\/p><p style=\"margin-bottom: 8pt; line-height: 16.8667px; font-family: \u7b49\u7ebf; font-size: 11pt; color: #000000; font-style: normal; font-variant-ligatures: normal; font-variant-caps: normal; font-weight: 400; white-space-collapse: collapse;\"><b>A\uff1a<\/b><span style=\"font-family: \u7b49\u7ebf; font-size: 11pt;\">\u00a0<span style=\"font-family: \u7b49\u7ebf;\">Wenn eine allergische Reaktion auftritt, wie z.B. Hautausschlag, Atembeschwerden usw., brechen Sie die Einnahme sofort ab und suchen Sie einen Arzt auf. Obwohl<\/span>allergische Reaktionen, die durch AKK inaktivierte Bakterien verursacht werden, sind sehr selten, aber es ist dennoch wichtig, sich der individuellen k\u00f6rperlichen Reaktionen bewusst zu sein.<\/span><\/p><p style=\"margin-bottom: 8pt; line-height: 16.8667px; font-family: \u7b49\u7ebf; font-size: 11pt; color: #000000; font-style: normal; font-variant-ligatures: normal; font-variant-caps: normal; font-weight: 400; white-space-collapse: collapse;\"><b>F: Gibt es eine Altersgrenze f\u00fcr AKK Mushroom-Produkte?<\/b><b><\/b><\/p><p style=\"margin-bottom: 8pt; line-height: 16.8667px; font-family: \u7b49\u7ebf; font-size: 11pt; color: #000000; font-style: normal; font-variant-ligatures: normal; font-variant-caps: normal; font-weight: 400; white-space-collapse: collapse;\"><b>A\uff1a<\/b><span style=\"font-family: \u7b49\u7ebf; font-size: 11pt;\">\u00a0<span style=\"font-family: \u7b49\u7ebf;\">Bei gesunden Kindern und Jugendlichen ist eine Supplementierung in den allermeisten F\u00e4llen nicht notwendig.<\/span>AKK Inaktivierte Bakterien. Auf der Website des Unternehmens steht eine Skala zur Verf\u00fcgung, anhand derer die Notwendigkeit einer AKK-Bakterienerg\u00e4nzung beurteilt werden kann. Im Zweifelsfall empfiehlt es sich, einen Arzt zu konsultieren.<\/span><\/p>\n\t\t\t\t\t<\/div>\n\t\t\t\t\t\t<\/div>\n\t\t\t\t<\/div>\n\t\t\t\t\t<\/div>\n\t\t\t\t<\/div>\n\t\t\t\t<\/div>","protected":false},"excerpt":{"rendered":"<ul class=\"elementor-icon-list-items\">\n<li class=\"elementor-icon-list-item\"><span class=\"elementor-icon-list-text\">Spezifikation: 30 Kapseln\/Flasche<\/span><\/li>\n<li class=\"elementor-icon-list-item\"><span class=\"elementor-icon-list-text\">Betroffene Personen: Personen mit hohen Blutfettwerten<\/span><\/li>\n<li class=\"elementor-icon-list-item\"><span style=\"color: #ff0000;\"><strong>34 Milliarden TFU pro Kapsel<\/strong><\/span>, Nat\u00fcrliche AKK-Pr\u00e4biotika sicher und in ausreichender Menge<\/li>\n<li><span style=\"color: #008000;\"><strong>6,0ng Amuc_1100 Protein pro Kapsel<\/strong><\/span>, Es funktioniert!<\/li>\n<li>Wissenschaftliche Fusionsformel f\u00fcr bessere Fettverbrennung<\/li>\n<li class=\"elementor-icon-list-item\"><span class=\"elementor-icon-list-text\">Lagerung: K\u00fchl und trocken aufbewahren<\/span><\/li>\n<li class=\"elementor-icon-list-item\"><span class=\"elementor-icon-list-text\">Verzehrempfehlung: 1 Kapsel t\u00e4glich zu einer Mahlzeit.<\/span><\/li>\n<li class=\"elementor-icon-list-item\"><span class=\"elementor-icon-list-text\">Hauptinhaltsstoffe: Gr\u00fcntee-Extrakt (EGCG), Nattokinase, Coenzym Q10, Dendrobium-Extrakt, AKK, Resveratrol, Oligofruktose<\/span><\/li>\n<\/ul>\n<p>\ud83c\udf1fZugabe von AKK-Bakterien in ausreichender Menge f\u00fcr evidenzbasierte Ergebnisse<br \/>\n\ud83c\udf1fKombination aus Probiotika und Postbiotika, Tonikum und Nahrung in einem, AKK energy mit langsamer Freisetzung<br \/>\n\ud83c\udf1f Die Zugabe von Phytochemikalien und B-Vitaminen sorgt f\u00fcr eine synergetische Wirkung.<\/p>","protected":false},"featured_media":1534,"comment_status":"open","ping_status":"closed","template":"","meta":{"_angie_page":false},"product_brand":[25],"product_cat":[15],"product_tag":[],"class_list":{"0":"post-406","1":"product","2":"type-product","3":"status-publish","4":"has-post-thumbnail","6":"product_brand-akm-downlipid","7":"product_cat-probiotics-series","9":"first","10":"instock","11":"taxable","12":"shipping-taxable","13":"purchasable","14":"product-type-simple"},"jetpack_sharing_enabled":true,"_links":{"self":[{"href":"https:\/\/akkbio.com\/de\/wp-json\/wp\/v2\/product\/406","targetHints":{"allow":["GET"]}}],"collection":[{"href":"https:\/\/akkbio.com\/de\/wp-json\/wp\/v2\/product"}],"about":[{"href":"https:\/\/akkbio.com\/de\/wp-json\/wp\/v2\/types\/product"}],"replies":[{"embeddable":true,"href":"https:\/\/akkbio.com\/de\/wp-json\/wp\/v2\/comments?post=406"}],"version-history":[{"count":88,"href":"https:\/\/akkbio.com\/de\/wp-json\/wp\/v2\/product\/406\/revisions"}],"predecessor-version":[{"id":1535,"href":"https:\/\/akkbio.com\/de\/wp-json\/wp\/v2\/product\/406\/revisions\/1535"}],"wp:featuredmedia":[{"embeddable":true,"href":"https:\/\/akkbio.com\/de\/wp-json\/wp\/v2\/media\/1534"}],"wp:attachment":[{"href":"https:\/\/akkbio.com\/de\/wp-json\/wp\/v2\/media?parent=406"}],"wp:term":[{"taxonomy":"product_brand","embeddable":true,"href":"https:\/\/akkbio.com\/de\/wp-json\/wp\/v2\/product_brand?post=406"},{"taxonomy":"product_cat","embeddable":true,"href":"https:\/\/akkbio.com\/de\/wp-json\/wp\/v2\/product_cat?post=406"},{"taxonomy":"product_tag","embeddable":true,"href":"https:\/\/akkbio.com\/de\/wp-json\/wp\/v2\/product_tag?post=406"}],"curies":[{"name":"wp","href":"https:\/\/api.w.org\/{rel}","templated":true}]}}